{"id":28747,"date":"2024-11-29T05:39:49","date_gmt":"2024-11-29T04:39:49","guid":{"rendered":"https:\/\/academiamega.es\/nueva\/?post_type=product&#038;p=28747"},"modified":"2024-12-10T13:36:32","modified_gmt":"2024-12-10T12:36:32","slug":"curso-preparacion-oposicion-correos","status":"publish","type":"product","link":"https:\/\/academiamega.es\/nueva\/producto\/curso-preparacion-oposicion-correos\/","title":{"rendered":"Curso Preparaci\u00f3n Oposici\u00f3n Correos"},"content":{"rendered":"","protected":false},"excerpt":{"rendered":"<p>Curso de Preparaci\u00f3n Oposici\u00f3n Correos<\/p>\n<div>\n<p>DURACI\u00d3N DEL CURSO: 7 meses.<br \/>\nFORMACI\u00d3N: Online en directo. Asistir a clases en directo te ayuda a establecer horarios y rutinas de trabajo y estudio. No te quedar\u00e1n dudas por resolver, las consultar\u00e1s en directo , sin tener que consultar foros o mirar boletines oficiales.<br \/>\nFECHA DE INICIO: Enero 2025<\/p>\n<div>\n<p>HORARIO:<br \/>\n<strong>Clases de Temario:<\/strong> Martes y Jueves de 10:00h a 12:00h.<br \/>\n<strong>Clases de Psicot\u00e9cnicos:<\/strong> Dos Mi\u00e9rcoles\/mes de 10:00 a 12:00h.<br \/>\nTodas las clases son en directo y durante el curso dispondr\u00e1s de las clases grabadas para poder verlas las veces que necesites.<\/p>\n<div>\n<p>PRECIO: EL PRECIO DEL CURSO SON 1459\u20ac<\/p>\n<p>PAGO \u00daNICO: Abono de un solo pago de 1099\u20ac<\/p>\n<p>&nbsp;<\/p>\n<\/div>\n<\/div>\n<\/div>\n","protected":false},"featured_media":35536,"comment_status":"open","ping_status":"closed","template":"","meta":[],"product_cat":[86],"product_tag":[],"class_list":{"0":"post-28747","1":"product","2":"type-product","3":"status-publish","4":"has-post-thumbnail","6":"product_cat-correos","8":"first","9":"instock","10":"sale","11":"virtual","12":"purchasable","13":"product-type-simple"},"_links":{"self":[{"href":"https:\/\/academiamega.es\/nueva\/wp-json\/wp\/v2\/product\/28747","targetHints":{"allow":["GET"]}}],"collection":[{"href":"https:\/\/academiamega.es\/nueva\/wp-json\/wp\/v2\/product"}],"about":[{"href":"https:\/\/academiamega.es\/nueva\/wp-json\/wp\/v2\/types\/product"}],"replies":[{"embeddable":true,"href":"https:\/\/academiamega.es\/nueva\/wp-json\/wp\/v2\/comments?post=28747"}],"version-history":[{"count":2,"href":"https:\/\/academiamega.es\/nueva\/wp-json\/wp\/v2\/product\/28747\/revisions"}],"predecessor-version":[{"id":35524,"href":"https:\/\/academiamega.es\/nueva\/wp-json\/wp\/v2\/product\/28747\/revisions\/35524"}],"wp:featuredmedia":[{"embeddable":true,"href":"https:\/\/academiamega.es\/nueva\/wp-json\/wp\/v2\/media\/35536"}],"wp:attachment":[{"href":"https:\/\/academiamega.es\/nueva\/wp-json\/wp\/v2\/media?parent=28747"}],"wp:term":[{"taxonomy":"product_cat","embeddable":true,"href":"https:\/\/academiamega.es\/nueva\/wp-json\/wp\/v2\/product_cat?post=28747"},{"taxonomy":"product_tag","embeddable":true,"href":"https:\/\/academiamega.es\/nueva\/wp-json\/wp\/v2\/product_tag?post=28747"}],"curies":[{"name":"wp","href":"https:\/\/api.w.org\/{rel}","templated":true}]}}