{"id":38565,"date":"2024-12-17T06:43:09","date_gmt":"2024-12-17T05:43:09","guid":{"rendered":"https:\/\/academiamega.es\/nueva\/?post_type=product&#038;p=38565"},"modified":"2025-01-02T17:00:19","modified_gmt":"2025-01-02T16:00:19","slug":"curso-preparacion-oposicion-correos-fracccionado","status":"publish","type":"product","link":"https:\/\/academiamega.es\/nueva\/producto\/curso-preparacion-oposicion-correos-fracccionado\/","title":{"rendered":"Curso Preparaci\u00f3n Oposici\u00f3n Correos Fraccionado"},"content":{"rendered":"","protected":false},"excerpt":{"rendered":"<p>Curso de Preparaci\u00f3n Oposici\u00f3n Correos<\/p>\n<div>\n<p>DURACI\u00d3N DEL CURSO: 7 meses.<br \/>\nFORMACI\u00d3N: Online en directo. Asistir a clases en directo te ayuda a establecer horarios y rutinas de trabajo y estudio. No te quedar\u00e1n dudas por resolver, las consultar\u00e1s en directo , sin tener que consultar foros o mirar boletines oficiales.<br \/>\nFECHA DE INICIO: Enero 2025<\/p>\n<div>\n<p>HORARIO:<br \/>\n<strong>Clases de Temario:<\/strong> Martes y Jueves de 10:00h a 12:00h.<br \/>\n<strong>Clases de Psicot\u00e9cnicos:<\/strong> Dos Mi\u00e9rcoles\/mes de 10:00 a 12:00h.<br \/>\nTodas las clases son en directo y durante el curso dispondr\u00e1s de las clases grabadas para poder verlas las veces que necesites.<\/p>\n<div>\n<p>PRECIO: EL PRECIO DEL CURSO SON 1459\u20ac<\/p>\n<p>PAGO FRACCIONADO: Abono del pago de matricula 150\u20ac + la primera mensualidad de 187\u20ac<\/p>\n<p>RESTO: 6 mensualidades de 187\u20ac<\/p>\n<p>&nbsp;<\/p>\n<\/div>\n<\/div>\n<\/div>\n","protected":false},"featured_media":35536,"comment_status":"open","ping_status":"closed","template":"","meta":[],"product_cat":[86],"product_tag":[],"class_list":{"0":"post-38565","1":"product","2":"type-product","3":"status-publish","4":"has-post-thumbnail","6":"product_cat-correos","8":"first","9":"instock","10":"virtual","11":"purchasable","12":"product-type-simple"},"_links":{"self":[{"href":"https:\/\/academiamega.es\/nueva\/wp-json\/wp\/v2\/product\/38565","targetHints":{"allow":["GET"]}}],"collection":[{"href":"https:\/\/academiamega.es\/nueva\/wp-json\/wp\/v2\/product"}],"about":[{"href":"https:\/\/academiamega.es\/nueva\/wp-json\/wp\/v2\/types\/product"}],"replies":[{"embeddable":true,"href":"https:\/\/academiamega.es\/nueva\/wp-json\/wp\/v2\/comments?post=38565"}],"version-history":[{"count":3,"href":"https:\/\/academiamega.es\/nueva\/wp-json\/wp\/v2\/product\/38565\/revisions"}],"predecessor-version":[{"id":47314,"href":"https:\/\/academiamega.es\/nueva\/wp-json\/wp\/v2\/product\/38565\/revisions\/47314"}],"wp:featuredmedia":[{"embeddable":true,"href":"https:\/\/academiamega.es\/nueva\/wp-json\/wp\/v2\/media\/35536"}],"wp:attachment":[{"href":"https:\/\/academiamega.es\/nueva\/wp-json\/wp\/v2\/media?parent=38565"}],"wp:term":[{"taxonomy":"product_cat","embeddable":true,"href":"https:\/\/academiamega.es\/nueva\/wp-json\/wp\/v2\/product_cat?post=38565"},{"taxonomy":"product_tag","embeddable":true,"href":"https:\/\/academiamega.es\/nueva\/wp-json\/wp\/v2\/product_tag?post=38565"}],"curies":[{"name":"wp","href":"https:\/\/api.w.org\/{rel}","templated":true}]}}